{"id":53,"date":"2024-03-08T15:55:10","date_gmt":"2024-03-08T18:55:10","guid":{"rendered":"https:\/\/andressadannemannpsi.com.br\/site\/?page_id=53"},"modified":"2024-04-05T10:15:25","modified_gmt":"2024-04-05T13:15:25","slug":"psicoterapia","status":"publish","type":"page","link":"https:\/\/andressadannemannpsi.com.br\/site\/psicoterapia\/","title":{"rendered":"Psicoterapia"},"content":{"rendered":"<div id=\"pl-53\"  class=\"panel-layout\" ><div id=\"pg-53-0\"  class=\"panel-grid panel-no-style\" ><div id=\"pgc-53-0-0\"  class=\"panel-grid-cell\" ><div id=\"panel-53-0-0-0\" class=\"so-panel widget widget_sow-image panel-first-child\" data-index=\"0\" ><div\n\t\t\t\n\t\t\tclass=\"so-widget-sow-image so-widget-sow-image-default-89f16426b92c-53\"\n\t\t\t\n\t\t>\n<div class=\"sow-image-container\">\n\t\t<img loading=\"lazy\" decoding=\"async\" src=\"https:\/\/andressadannemannpsi.com.br\/site\/wp-content\/uploads\/2024\/03\/cabeca-1-png.png\" width=\"400\" height=\"400\" srcset=\"https:\/\/andressadannemannpsi.com.br\/site\/wp-content\/uploads\/2024\/03\/cabeca-1-png.png 400w, https:\/\/andressadannemannpsi.com.br\/site\/wp-content\/uploads\/2024\/03\/cabeca-1-png-300x300.png 300w, https:\/\/andressadannemannpsi.com.br\/site\/wp-content\/uploads\/2024\/03\/cabeca-1-png-150x150.png 150w\" sizes=\"auto, (max-width: 400px) 100vw, 400px\" alt=\"\" \t\tclass=\"so-widget-image\"\/>\n\t<\/div>\n\n<\/div><\/div><div id=\"panel-53-0-0-1\" class=\"so-panel widget widget_sow-editor\" data-index=\"1\" ><div\n\t\t\t\n\t\t\tclass=\"so-widget-sow-editor so-widget-sow-editor-base\"\n\t\t\t\n\t\t>\n<div class=\"siteorigin-widget-tinymce textwidget\">\n\t<p><strong>O que a Psicoterapia\/An\u00e1lise proporciona?<\/strong><\/p>\n<p>Uma psicoterapia\/an\u00e1lise oferece uma variedade de benef\u00edcios:<\/p>\n<p>\u2022 Remiss\u00e3o e\/ou al\u00edvio dos sintomas, proporcionando um al\u00edvio significativo das dificuldades emocionais e comportamentais que uma pessoa pode estar enfrentando.<br \/>\n\u2022 Ressignifica\u00e7\u00e3o de traumas, permitindo que as experi\u00eancias dolorosas do passado sejam compreendidas e integradas de uma maneira mais saud\u00e1vel, possibilitando o crescimento pessoal.<br \/>\n\u2022 Fortalecimento de recursos psicol\u00f3gicos para lidar com as adversidades da vida, ajudando os indiv\u00edduos a desenvolverem habilidades e estrat\u00e9gias para enfrentar os desafios de forma mais eficaz.<br \/>\n\u2022 Facilita\u00e7\u00e3o da tomada de decis\u00f5es, auxiliando na clarifica\u00e7\u00e3o de objetivos e valores pessoais, bem como na avalia\u00e7\u00e3o de diferentes op\u00e7\u00f5es e consequ\u00eancias.<br \/>\n\u2022 Permite trazer o material inconsciente para a luz da consci\u00eancia.<br \/>\n\u2022 Atrav\u00e9s da escuta promover um saber sobre o seu desejo.<br \/>\n\u2022 Impor limites, auxiliando na defini\u00e7\u00e3o e manuten\u00e7\u00e3o de limites saud\u00e1veis nos relacionamentos e na vida em geral, promovendo o autocuidado e o respeito pr\u00f3prio.<\/p>\n<p>Al\u00e9m disso, a psicoterapia\/an\u00e1lise tamb\u00e9m tem um papel importante na:<\/p>\n<p>\u2022 Preven\u00e7\u00e3o de transtornos mentais, intervindo precocemente em padr\u00f5es de pensamento e comportamento que possam levar ao desenvolvimento de problemas mais s\u00e9rios.<br \/>\n\u2022 Promo\u00e7\u00e3o de sa\u00fade mental, incentivando pr\u00e1ticas e h\u00e1bitos que contribuam para o bem-estar psicol\u00f3gico e emocional.<br \/>\n\u2022 Psico-educa\u00e7\u00e3o, fornecendo informa\u00e7\u00f5es e conhecimentos sobre quest\u00f5es relacionadas \u00e0 sa\u00fade mental, aumentando a compreens\u00e3o e a conscientiza\u00e7\u00e3o sobre os aspectos psicol\u00f3gicos da vida.<br \/>\n\u2022 Orienta\u00e7\u00e3o psicol\u00f3gica, oferecendo suporte e direcionamento em momentos de crise ou indecis\u00e3o, ajudando os indiv\u00edduos a enfrentarem desafios espec\u00edficos de maneira mais construtiva e adaptativa.<\/p>\n<\/div>\n<\/div><\/div><div id=\"panel-53-0-0-2\" class=\"so-panel widget widget_sow-image\" data-index=\"2\" ><div\n\t\t\t\n\t\t\tclass=\"so-widget-sow-image so-widget-sow-image-default-89f16426b92c-53\"\n\t\t\t\n\t\t>\n<div class=\"sow-image-container\">\n\t\t<img loading=\"lazy\" decoding=\"async\" src=\"https:\/\/andressadannemannpsi.com.br\/site\/wp-content\/uploads\/2024\/03\/cabeca-2-png.png\" width=\"400\" height=\"400\" srcset=\"https:\/\/andressadannemannpsi.com.br\/site\/wp-content\/uploads\/2024\/03\/cabeca-2-png.png 400w, https:\/\/andressadannemannpsi.com.br\/site\/wp-content\/uploads\/2024\/03\/cabeca-2-png-300x300.png 300w, https:\/\/andressadannemannpsi.com.br\/site\/wp-content\/uploads\/2024\/03\/cabeca-2-png-150x150.png 150w\" sizes=\"auto, (max-width: 400px) 100vw, 400px\" alt=\"\" \t\tclass=\"so-widget-image\"\/>\n\t<\/div>\n\n<\/div><\/div><div id=\"panel-53-0-0-3\" class=\"so-panel widget widget_sow-editor panel-last-child\" data-index=\"3\" ><div\n\t\t\t\n\t\t\tclass=\"so-widget-sow-editor so-widget-sow-editor-base\"\n\t\t\t\n\t\t>\n<div class=\"siteorigin-widget-tinymce textwidget\">\n\t<p><strong>Quando devo procurar Psicoterapia\/Psican\u00e1lise?<\/strong><\/p>\n<p>Voc\u00ea deve considerar procurar Psicoterapia\/Psican\u00e1lise quando perceber uma s\u00e9rie de sinais e sintomas que podem indicar a necessidade de apoio psicol\u00f3gico:<\/p>\n<p>\u2022 Se voc\u00ea est\u00e1 enfrentando transtornos mentais diagnosticados, como depress\u00e3o, ansiedade, transtorno bipolar, entre outros.<br \/>\n\u2022 Quando houver uma altera\u00e7\u00e3o significativa no seu humor, como sentimentos persistentes de tristeza, ansiedade, irritabilidade ou ang\u00fastia, que interferem na sua qualidade de vida.<br \/>\n\u2022 Mudan\u00e7as repentinas e frequentes de humor, sem uma causa aparente.<br \/>\n\u2022 Se pessoas pr\u00f3ximas notarem altera\u00e7\u00f5es significativas no seu comportamento, como isolamento social, agita\u00e7\u00e3o, agressividade, entre outros.<br \/>\n\u2022 Se voc\u00ea estiver fazendo uso frequente de subst\u00e2ncias como \u00e1lcool, drogas estimulantes ou entorpecentes como forma de lidar com problemas emocionais.<br \/>\n\u2022 Baixa autoestima persistente e sentimentos cr\u00f4nicos de culpa, inadequa\u00e7\u00e3o ou desesperan\u00e7a em rela\u00e7\u00e3o a si mesmo ou ao futuro.<br \/>\n\u2022 Esses s\u00e3o sinais que indicam que algo pode n\u00e3o estar bem emocionalmente e que buscar ajuda profissional pode ser ben\u00e9fico para lidar com essas quest\u00f5es e promover o seu bem-estar psicol\u00f3gico.<\/p>\n<\/div>\n<\/div><\/div><\/div><\/div><div id=\"pg-53-1\"  class=\"panel-grid panel-has-style\" ><div class=\"siteorigin-panels-stretch panel-row-style panel-row-style-for-53-1\" data-stretch-type=\"full\" ><div id=\"pgc-53-1-0\"  class=\"panel-grid-cell\" ><div id=\"panel-53-1-0-0\" class=\"so-panel widget widget_sow-social-media-buttons panel-first-child\" data-index=\"4\" ><div class=\"panel-widget-style panel-widget-style-for-53-1-0-0\" ><div\n\t\t\t\n\t\t\tclass=\"so-widget-sow-social-media-buttons so-widget-sow-social-media-buttons-atom-8c9ef4b8a124-53\"\n\t\t\t\n\t\t>\n\n<div class=\"social-media-button-container\">\n\t\n\t\t<a class=\"ow-button-hover sow-social-media-button-phone-0 sow-social-media-button\" title=\"Phone Andressa Dannemann\" aria-label=\"Phone Andressa Dannemann\" href=\"tel:+5541996831393\" >\n\t\t\t<span>\n\t\t\t\t\t\t\t\t<span class=\"sow-icon-fontawesome sow-fas\" data-sow-icon=\"&#xf095;\"\n\t\t \n\t\taria-hidden=\"true\"><\/span>\t\t\t\t\t\t\t<\/span>\n\t\t<\/a>\n\t\n\t\t<a class=\"ow-button-hover sow-social-media-button-whatsapp-0 sow-social-media-button\" title=\"Andressa Dannemann em Whatsapp\" aria-label=\"Andressa Dannemann em Whatsapp\" target=\"_blank\" rel=\"noopener noreferrer\" href=\"https:\/\/api.whatsapp.com\/send?phone=5541996831393&#038;text=Oi%20Andressa!%20Estava%20vendo%20seu%20site%20e%20gostaria%20de%20falar%20com%20voc%C3%AA.\" >\n\t\t\t<span>\n\t\t\t\t\t\t\t\t<span class=\"sow-icon-fontawesome sow-fab\" data-sow-icon=\"&#xf232;\"\n\t\t \n\t\taria-hidden=\"true\"><\/span>\t\t\t\t\t\t\t<\/span>\n\t\t<\/a>\n\t\n\t\t<a class=\"ow-button-hover sow-social-media-button-envelope-0 sow-social-media-button\" title=\"andressa.w.m@bol.com.br\" aria-label=\"andressa.w.m@bol.com.br\" target=\"_blank\" rel=\"noopener noreferrer\" href=\"mailto:andressa.w.m@bol.com.br\" >\n\t\t\t<span>\n\t\t\t\t\t\t\t\t<span class=\"sow-icon-fontawesome sow-fas\" data-sow-icon=\"&#xf0e0;\"\n\t\t \n\t\taria-hidden=\"true\"><\/span>\t\t\t\t\t\t\t<\/span>\n\t\t<\/a>\n\t\n\t\t<a class=\"ow-button-hover sow-social-media-button-instagram-0 sow-social-media-button\" title=\"@andressa_dannemann\" aria-label=\"@andressa_dannemann\" target=\"_blank\" rel=\"noopener noreferrer\" href=\"https:\/\/www.instagram.com\/andressa_dannemann\/\" >\n\t\t\t<span>\n\t\t\t\t\t\t\t\t<span class=\"sow-icon-fontawesome sow-fab\" data-sow-icon=\"&#xf16d;\"\n\t\t \n\t\taria-hidden=\"true\"><\/span>\t\t\t\t\t\t\t<\/span>\n\t\t<\/a>\n\t\n\t\t<a class=\"ow-button-hover sow-social-media-button-facebook-0 sow-social-media-button\" title=\"@andressawmdannemann\" aria-label=\"@andressawmdannemann\" target=\"_blank\" rel=\"noopener noreferrer\" href=\"https:\/\/www.facebook.com\/andressawmdannemann\" >\n\t\t\t<span>\n\t\t\t\t\t\t\t\t<span class=\"sow-icon-fontawesome sow-fab\" data-sow-icon=\"&#xf39e;\"\n\t\t \n\t\taria-hidden=\"true\"><\/span>\t\t\t\t\t\t\t<\/span>\n\t\t<\/a>\n\t\n\t\t<a class=\"ow-button-hover sow-social-media-button-linkedin-0 sow-social-media-button\" title=\"Andressa Dannemann em Linkedin\" aria-label=\"Andressa Dannemann em Linkedin\" target=\"_blank\" rel=\"noopener noreferrer\" href=\"https:\/\/www.linkedin.com\/in\/andressa-dannemann-93b187226\/\" >\n\t\t\t<span>\n\t\t\t\t\t\t\t\t<span class=\"sow-icon-fontawesome sow-fab\" data-sow-icon=\"&#xf0e1;\"\n\t\t \n\t\taria-hidden=\"true\"><\/span>\t\t\t\t\t\t\t<\/span>\n\t\t<\/a>\n\t<\/div>\n<\/div><\/div><\/div><div id=\"panel-53-1-0-1\" class=\"so-panel widget widget_sow-editor panel-last-child\" data-index=\"5\" ><div class=\"panel-widget-style panel-widget-style-for-53-1-0-1\" ><div\n\t\t\t\n\t\t\tclass=\"so-widget-sow-editor so-widget-sow-editor-base\"\n\t\t\t\n\t\t>\n<div class=\"siteorigin-widget-tinymce textwidget\">\n\t<p style=\"text-align: center;\"><a href=\"https:\/\/laurawolfmiranda.com.br\/\">Realizado por Laura Wolf Miranda Assessoria em Comunica\u00e7\u00e3o<\/a><\/p>\n<\/div>\n<\/div><\/div><\/div><\/div><\/div><\/div><\/div>","protected":false},"excerpt":{"rendered":"<p>O que a Psicoterapia\/An\u00e1lise proporciona? Uma psicoterapia\/an\u00e1lise oferece uma variedade de benef\u00edcios: \u2022 Remiss\u00e3o e\/ou al\u00edvio dos sintomas, proporcionando um al\u00edvio significativo das dificuldades emocionais e comportamentais que uma pessoa pode estar enfrentando. \u2022 Ressignifica\u00e7\u00e3o de traumas, permitindo que as experi\u00eancias dolorosas do passado sejam compreendidas e integradas de uma maneira mais saud\u00e1vel, possibilitando o&hellip;&nbsp;<a href=\"https:\/\/andressadannemannpsi.com.br\/site\/psicoterapia\/\" rel=\"bookmark\">Continue a ler &raquo;<span class=\"screen-reader-text\">Psicoterapia<\/span><\/a><\/p>\n","protected":false},"author":1,"featured_media":0,"parent":0,"menu_order":0,"comment_status":"closed","ping_status":"closed","template":"","meta":{"neve_meta_sidebar":"","neve_meta_container":"contained","neve_meta_enable_content_width":"off","neve_meta_content_width":100,"neve_meta_title_alignment":"","neve_meta_author_avatar":"","neve_post_elements_order":"","neve_meta_disable_header":"","neve_meta_disable_footer":"","neve_meta_disable_title":"on","_joinchat":[],"footnotes":""},"class_list":["post-53","page","type-page","status-publish","hentry"],"_links":{"self":[{"href":"https:\/\/andressadannemannpsi.com.br\/site\/wp-json\/wp\/v2\/pages\/53","targetHints":{"allow":["GET"]}}],"collection":[{"href":"https:\/\/andressadannemannpsi.com.br\/site\/wp-json\/wp\/v2\/pages"}],"about":[{"href":"https:\/\/andressadannemannpsi.com.br\/site\/wp-json\/wp\/v2\/types\/page"}],"author":[{"embeddable":true,"href":"https:\/\/andressadannemannpsi.com.br\/site\/wp-json\/wp\/v2\/users\/1"}],"replies":[{"embeddable":true,"href":"https:\/\/andressadannemannpsi.com.br\/site\/wp-json\/wp\/v2\/comments?post=53"}],"version-history":[{"count":10,"href":"https:\/\/andressadannemannpsi.com.br\/site\/wp-json\/wp\/v2\/pages\/53\/revisions"}],"predecessor-version":[{"id":407,"href":"https:\/\/andressadannemannpsi.com.br\/site\/wp-json\/wp\/v2\/pages\/53\/revisions\/407"}],"wp:attachment":[{"href":"https:\/\/andressadannemannpsi.com.br\/site\/wp-json\/wp\/v2\/media?parent=53"}],"curies":[{"name":"wp","href":"https:\/\/api.w.org\/{rel}","templated":true}]}}