{"id":51,"date":"2024-03-08T15:53:04","date_gmt":"2024-03-08T18:53:04","guid":{"rendered":"https:\/\/andressadannemannpsi.com.br\/site\/?page_id=51"},"modified":"2025-08-12T20:33:17","modified_gmt":"2025-08-12T23:33:17","slug":"atuacao","status":"publish","type":"page","link":"https:\/\/andressadannemannpsi.com.br\/site\/atuacao\/","title":{"rendered":"Atua\u00e7\u00e3o"},"content":{"rendered":"<div id=\"pl-51\"  class=\"panel-layout\" ><div id=\"pg-51-0\"  class=\"panel-grid panel-no-style\" ><div id=\"pgc-51-0-0\"  class=\"panel-grid-cell\" ><div id=\"panel-51-0-0-0\" class=\"so-panel widget widget_sow-editor panel-first-child panel-last-child\" data-index=\"0\" ><div\n\t\t\t\n\t\t\tclass=\"so-widget-sow-editor so-widget-sow-editor-base\"\n\t\t\t\n\t\t>\n<div class=\"siteorigin-widget-tinymce textwidget\">\n\t<p>Psicoterapia presencial e online.<\/p>\n<p><strong>Demandas:<\/strong><\/p>\n<p>\u2022 Transtornos mentais (Depress\u00e3o, Transtornos de Ansiedade, Transtorno Bipolar).<br \/>\n\u2022 S\u00edndrome de Burnout<br \/>\n\u2022 Conflitos familiares<br \/>\n\u2022 Dificuldades conjugais<br \/>\n\u2022 Problemas de autoestima<br \/>\n\u2022 Luto<br \/>\n\u2022 Viol\u00eancia dom\u00e9stica<br \/>\n\u2022 Transtornos alimentares<br \/>\n\u2022 Maternidade (gesta\u00e7\u00e3o e puerp\u00e9rio)<br \/>\n\u2022 Psico-oncologia<\/p>\n<p><strong>O que n\u00e3o atendo:<\/strong><\/p>\n<p>\u2022 Conv\u00eanios<br \/>\n\u2022 Depend\u00eancia qu\u00edmica<br \/>\n\u2022 Transtornos psic\u00f3ticos<br \/>\n\u2022 Crian\u00e7as<\/p>\n<p><strong>Informa\u00e7\u00f5es sobre Psicoterapia online<\/strong><\/p>\n<p>O atendimento a dist\u00e2ncia\/ on-line \u00e9 autorizado pelo Conselho Federal de Psicologia desde 2018. Com a pandemia do COVID -19 ampliou essa modalidade atendimento. Cabe ao psic\u00f3logo avaliar a viabilidade do atendimento a dist\u00e2ncia. Para atender online \u00e9 necess\u00e1rio o profissional estar cadastrado na plataforma e-psi.<\/p>\n<p><strong>Pra quem \u00e9 indicado:<\/strong><\/p>\n<ul>\n<li>Para todos que t\u00eam dificuldade em seguir o tratamento psicol\u00f3gico pela falta de tempo e dificuldade de deslocamento at\u00e9 o consult\u00f3rio.<\/li>\n<li>Contempla pessoas com dificuldade de locomo\u00e7\u00e3o devido aos problemas de acessibilidade:<\/li>\n<li>Viabiliza o atendimento de pacientes com doen\u00e7as infecciosas (como a COVID).<\/li>\n<li>Pacientes que mudaram de localidade podem dar continuidade ao tratamento com mesmo profissional;<\/li>\n<li>Para as pu\u00e9rperas que ainda est\u00e3o se adaptando a chegada do beb\u00ea;<\/li>\n<li>Em casos de pacientes com psicopatologias que inviabilizam, num primeiro momento, a ida at\u00e9 o consult\u00f3rio tais como: casos graves de depress\u00e3o, s\u00edndrome do p\u00e2nico, luto patol\u00f3gico estresse p\u00f3s traum\u00e1tico, entre outros.<\/li>\n<\/ul>\n<p><strong>Seguran\u00e7a ambiente virtual:<\/strong><\/p>\n<p>Plataforma que utilize criptografia de ponta a ponta;<br \/>\nUtiliza\u00e7\u00e3o de computador e celular pessoal, n\u00e3o compartilhados e com senha de acesso;<br \/>\nInstala\u00e7\u00e3o de antiv\u00edrus e firewall de qualidade.<\/p>\n<p><strong>Recomenda\u00e7\u00f5es para sess\u00f5es virtuais:<\/strong><br \/>\nEscolher um local e hor\u00e1rio que garantam a privacidade durante as sess\u00f5es;<br \/>\nLuminosidade adequada;<br \/>\nPouco ru\u00eddo;<br \/>\nTer dom\u00ednio da plataforma utilizada;<br \/>\nInternet de qualidade para evitar interrup\u00e7\u00f5es.<\/p>\n<p>&nbsp;<\/p>\n<\/div>\n<\/div><\/div><\/div><\/div><div id=\"pg-51-1\"  class=\"panel-grid panel-has-style\" ><div class=\"siteorigin-panels-stretch panel-row-style panel-row-style-for-51-1\" data-stretch-type=\"full\" ><div id=\"pgc-51-1-0\"  class=\"panel-grid-cell\" ><div id=\"panel-51-1-0-0\" class=\"so-panel widget widget_sow-social-media-buttons panel-first-child\" data-index=\"1\" ><div class=\"panel-widget-style panel-widget-style-for-51-1-0-0\" ><div\n\t\t\t\n\t\t\tclass=\"so-widget-sow-social-media-buttons so-widget-sow-social-media-buttons-atom-8c9ef4b8a124-51\"\n\t\t\t\n\t\t>\n\n<div class=\"social-media-button-container\">\n\t\n\t\t<a class=\"ow-button-hover sow-social-media-button-phone-0 sow-social-media-button\" title=\"Phone Andressa Dannemann\" aria-label=\"Phone Andressa Dannemann\" href=\"tel:+5541996831393\" >\n\t\t\t<span>\n\t\t\t\t\t\t\t\t<span class=\"sow-icon-fontawesome sow-fas\" data-sow-icon=\"&#xf095;\"\n\t\t \n\t\taria-hidden=\"true\"><\/span>\t\t\t\t\t\t\t<\/span>\n\t\t<\/a>\n\t\n\t\t<a class=\"ow-button-hover sow-social-media-button-whatsapp-0 sow-social-media-button\" title=\"Andressa Dannemann em Whatsapp\" aria-label=\"Andressa Dannemann em Whatsapp\" target=\"_blank\" rel=\"noopener noreferrer\" href=\"https:\/\/api.whatsapp.com\/send?phone=5541996831393&#038;text=Oi%20Andressa!%20Estava%20vendo%20seu%20site%20e%20gostaria%20de%20falar%20com%20voc%C3%AA.\" >\n\t\t\t<span>\n\t\t\t\t\t\t\t\t<span class=\"sow-icon-fontawesome sow-fab\" data-sow-icon=\"&#xf232;\"\n\t\t \n\t\taria-hidden=\"true\"><\/span>\t\t\t\t\t\t\t<\/span>\n\t\t<\/a>\n\t\n\t\t<a class=\"ow-button-hover sow-social-media-button-envelope-0 sow-social-media-button\" title=\"andressa.w.m@bol.com.br\" aria-label=\"andressa.w.m@bol.com.br\" target=\"_blank\" rel=\"noopener noreferrer\" href=\"mailto:andressa.w.m@bol.com.br\" >\n\t\t\t<span>\n\t\t\t\t\t\t\t\t<span class=\"sow-icon-fontawesome sow-fas\" data-sow-icon=\"&#xf0e0;\"\n\t\t \n\t\taria-hidden=\"true\"><\/span>\t\t\t\t\t\t\t<\/span>\n\t\t<\/a>\n\t\n\t\t<a class=\"ow-button-hover sow-social-media-button-instagram-0 sow-social-media-button\" title=\"@andressa_dannemann\" aria-label=\"@andressa_dannemann\" target=\"_blank\" rel=\"noopener noreferrer\" href=\"https:\/\/www.instagram.com\/andressa_dannemann\/\" >\n\t\t\t<span>\n\t\t\t\t\t\t\t\t<span class=\"sow-icon-fontawesome sow-fab\" data-sow-icon=\"&#xf16d;\"\n\t\t \n\t\taria-hidden=\"true\"><\/span>\t\t\t\t\t\t\t<\/span>\n\t\t<\/a>\n\t\n\t\t<a class=\"ow-button-hover sow-social-media-button-facebook-0 sow-social-media-button\" title=\"@andressawmdannemann\" aria-label=\"@andressawmdannemann\" target=\"_blank\" rel=\"noopener noreferrer\" href=\"https:\/\/www.facebook.com\/andressawmdannemann\" >\n\t\t\t<span>\n\t\t\t\t\t\t\t\t<span class=\"sow-icon-fontawesome sow-fab\" data-sow-icon=\"&#xf39e;\"\n\t\t \n\t\taria-hidden=\"true\"><\/span>\t\t\t\t\t\t\t<\/span>\n\t\t<\/a>\n\t\n\t\t<a class=\"ow-button-hover sow-social-media-button-linkedin-0 sow-social-media-button\" title=\"Andressa Dannemann em Linkedin\" aria-label=\"Andressa Dannemann em Linkedin\" target=\"_blank\" rel=\"noopener noreferrer\" href=\"https:\/\/www.linkedin.com\/in\/andressa-dannemann-93b187226\/\" >\n\t\t\t<span>\n\t\t\t\t\t\t\t\t<span class=\"sow-icon-fontawesome sow-fab\" data-sow-icon=\"&#xf0e1;\"\n\t\t \n\t\taria-hidden=\"true\"><\/span>\t\t\t\t\t\t\t<\/span>\n\t\t<\/a>\n\t<\/div>\n<\/div><\/div><\/div><div id=\"panel-51-1-0-1\" class=\"so-panel widget widget_sow-editor panel-last-child\" data-index=\"2\" ><div class=\"panel-widget-style panel-widget-style-for-51-1-0-1\" ><div\n\t\t\t\n\t\t\tclass=\"so-widget-sow-editor so-widget-sow-editor-base\"\n\t\t\t\n\t\t>\n<div class=\"siteorigin-widget-tinymce textwidget\">\n\t<p style=\"text-align: center;\"><a href=\"https:\/\/laurawolfmiranda.com.br\/\">Realizado por Laura Wolf Miranda Assessoria em Comunica\u00e7\u00e3o<\/a><\/p>\n<\/div>\n<\/div><\/div><\/div><\/div><\/div><\/div><\/div>","protected":false},"excerpt":{"rendered":"<p>Psicoterapia presencial e online. Demandas: \u2022 Transtornos mentais (Depress\u00e3o, Transtornos de Ansiedade, Transtorno Bipolar). \u2022 S\u00edndrome de Burnout \u2022 Conflitos familiares \u2022 Dificuldades conjugais \u2022 Problemas de autoestima \u2022 Luto \u2022 Viol\u00eancia dom\u00e9stica \u2022 Transtornos alimentares \u2022 Maternidade (gesta\u00e7\u00e3o e puerp\u00e9rio) \u2022 Psico-oncologia O que n\u00e3o atendo: \u2022 Conv\u00eanios \u2022 Depend\u00eancia qu\u00edmica \u2022 Transtornos psic\u00f3ticos&hellip;&nbsp;<a href=\"https:\/\/andressadannemannpsi.com.br\/site\/atuacao\/\" rel=\"bookmark\">Continue a ler &raquo;<span class=\"screen-reader-text\">Atua\u00e7\u00e3o<\/span><\/a><\/p>\n","protected":false},"author":1,"featured_media":0,"parent":0,"menu_order":0,"comment_status":"closed","ping_status":"closed","template":"","meta":{"neve_meta_sidebar":"","neve_meta_container":"contained","neve_meta_enable_content_width":"off","neve_meta_content_width":100,"neve_meta_title_alignment":"","neve_meta_author_avatar":"","neve_post_elements_order":"","neve_meta_disable_header":"","neve_meta_disable_footer":"","neve_meta_disable_title":"on","_joinchat":[],"footnotes":""},"class_list":["post-51","page","type-page","status-publish","hentry"],"_links":{"self":[{"href":"https:\/\/andressadannemannpsi.com.br\/site\/wp-json\/wp\/v2\/pages\/51","targetHints":{"allow":["GET"]}}],"collection":[{"href":"https:\/\/andressadannemannpsi.com.br\/site\/wp-json\/wp\/v2\/pages"}],"about":[{"href":"https:\/\/andressadannemannpsi.com.br\/site\/wp-json\/wp\/v2\/types\/page"}],"author":[{"embeddable":true,"href":"https:\/\/andressadannemannpsi.com.br\/site\/wp-json\/wp\/v2\/users\/1"}],"replies":[{"embeddable":true,"href":"https:\/\/andressadannemannpsi.com.br\/site\/wp-json\/wp\/v2\/comments?post=51"}],"version-history":[{"count":5,"href":"https:\/\/andressadannemannpsi.com.br\/site\/wp-json\/wp\/v2\/pages\/51\/revisions"}],"predecessor-version":[{"id":429,"href":"https:\/\/andressadannemannpsi.com.br\/site\/wp-json\/wp\/v2\/pages\/51\/revisions\/429"}],"wp:attachment":[{"href":"https:\/\/andressadannemannpsi.com.br\/site\/wp-json\/wp\/v2\/media?parent=51"}],"curies":[{"name":"wp","href":"https:\/\/api.w.org\/{rel}","templated":true}]}}